{"id":175,"date":"2019-11-11T19:32:13","date_gmt":"2019-11-11T18:32:13","guid":{"rendered":"https:\/\/radio.streampanel.net\/?page_id=175"},"modified":"2024-12-12T11:58:20","modified_gmt":"2024-12-12T10:58:20","slug":"homepage","status":"publish","type":"page","link":"https:\/\/www.spradio.eu\/fr\/","title":{"rendered":"Page d'accueil"},"content":{"rendered":"<h1>\n\t\tWeltweit kostenlos Radio h\u00f6ren \n\t<\/h1>\n\t<h2>\n\t\t\t\tSPRadio est l\u00e0 o\u00f9 vous en avez besoin\u00a0!\n\t\t\t<\/h2>\n\t<p>Bienvenue \u00e0 <strong>SPRadio<\/strong>, dem vielseitigen Musikverzeichnis, das Ihnen erm\u00f6glicht, weltweit kostenlos Radio zu h\u00f6ren! Hier finden Sie eine st\u00e4ndig wachsende Sammlung an Radiosendern, die Nutzer selbst hinzuf\u00fcgen oder bearbeiten k\u00f6nnen. Unsere Plattform wird kontinuierlich weiterentwickelt, wenn zeitliche Ressourcen verf\u00fcgbar sind, weshalb es gelegentlich noch kleinere Fehler geben kann.<\/p>\n<p>Einmal eingetragene Sender werden automatisch innerhalb von 24 Stunden in unseren mobilen Apps angezeigt, sodass Sie Ihre Lieblingssender bequem \u00fcberall genie\u00dfen k\u00f6nnen. Entdecken Sie eine benutzerfreundliche Plattform, die es Musikliebhabern erleichtert, neue Sender zu finden und die Vielfalt des Radios zu erleben.<\/p>\n<p><strong>Avantages de SPRadio<\/strong><\/p>\n<ul>\n<li><strong>Gestion facile :<\/strong> Nutzer k\u00f6nnen Sender unkompliziert eintragen und bearbeiten.<\/li>\n<li><strong>Int\u00e9gration rapide\u00a0:<\/strong> Neue Eintr\u00e4ge erscheinen automatisch in den Apps.<\/li>\n<li><strong>Croissance flexible\u00a0:<\/strong> Notre plateforme est constamment \u00e9largie.<\/li>\n<li><strong>Vielfalt f\u00fcr alle:<\/strong> D\u00e9couvrez les stations de radio du monde entier.<\/li>\n<\/ul>\n<p>D\u00e9couvrez la libert\u00e9 de la radio <strong>SPRadio<\/strong> &#8211; Ihre zentrale Anlaufstelle f\u00fcr weltweites Musikstreaming. Besuchen Sie uns jetzt und tragen Sie Ihre Lieblingsradiosender ein!<\/p>\n\t\t\t\t<img loading=\"lazy\" decoding=\"async\" src=\"https:\/\/www.spradio.eu\/wp-content\/uploads\/2021\/12\/34549070_l-1024x731.jpg.avif\" alt=\"34549070_l\" itemprop=\"image\" height=\"731\" width=\"1024\" title=\"34549070_l\" onerror=\"this.style.display='none'\"  \/>\n\t\t\t\t<img loading=\"lazy\" decoding=\"async\" src=\"https:\/\/www.spradio.eu\/wp-content\/uploads\/2021\/12\/35327167_l-1024x683.jpg.avif\" alt=\"35327167_l\" itemprop=\"image\" height=\"683\" width=\"1024\" title=\"35327167_l\" onerror=\"this.style.display='none'\"  \/>","protected":false},"excerpt":{"rendered":"<p>Weltweit kostenlos Radio h\u00f6ren SPRadio ist da wo Sie es brauchen! Willkommen bei SPRadio, dem vielseitigen Musikverzeichnis, das Ihnen erm\u00f6glicht, weltweit kostenlos Radio zu h\u00f6ren! Hier finden Sie eine st\u00e4ndig wachsende Sammlung an Radiosendern, die Nutzer selbst hinzuf\u00fcgen oder bearbeiten k\u00f6nnen. Unsere Plattform wird kontinuierlich weiterentwickelt, wenn zeitliche Ressourcen verf\u00fcgbar sind, weshalb es gelegentlich noch&hellip;<\/p>","protected":false},"author":1,"featured_media":0,"parent":0,"menu_order":0,"comment_status":"closed","ping_status":"closed","template":"","meta":{"footnotes":""},"class_list":["post-175","page","type-page","status-publish","hentry"],"_links":{"self":[{"href":"https:\/\/www.spradio.eu\/fr\/wp-json\/wp\/v2\/pages\/175","targetHints":{"allow":["GET"]}}],"collection":[{"href":"https:\/\/www.spradio.eu\/fr\/wp-json\/wp\/v2\/pages"}],"about":[{"href":"https:\/\/www.spradio.eu\/fr\/wp-json\/wp\/v2\/types\/page"}],"author":[{"embeddable":true,"href":"https:\/\/www.spradio.eu\/fr\/wp-json\/wp\/v2\/users\/1"}],"replies":[{"embeddable":true,"href":"https:\/\/www.spradio.eu\/fr\/wp-json\/wp\/v2\/comments?post=175"}],"version-history":[{"count":0,"href":"https:\/\/www.spradio.eu\/fr\/wp-json\/wp\/v2\/pages\/175\/revisions"}],"wp:attachment":[{"href":"https:\/\/www.spradio.eu\/fr\/wp-json\/wp\/v2\/media?parent=175"}],"curies":[{"name":"wp","href":"https:\/\/api.w.org\/{rel}","templated":true}]}}