{"id":111531,"date":"2025-01-16T12:33:35","date_gmt":"2025-01-16T11:33:35","guid":{"rendered":"https:\/\/www.spradio.eu\/?page_id=111531"},"modified":"2025-01-16T17:13:46","modified_gmt":"2025-01-16T16:13:46","slug":"faq","status":"publish","type":"page","link":"https:\/\/www.spradio.eu\/nl\/faq\/","title":{"rendered":"Veelgestelde vragen"},"content":{"rendered":"<h1>\n\t\t\tFAQ &#8211; H\u00e4ufig gestellte Fragen\n\t\t<\/h1>\n\t\t\t<p>Finden Sie Antworten auf die h\u00e4ufigsten Fragen zu SPRadio, wie das Hinzuf\u00fcgen und Bearbeiten von Radiosendern, den mobilen Apps und mehr.<\/p>\t\t\n\t\t\t\tWie kann ich einen neuen Radiosender hinzuf\u00fcgen?\n\t\t\t\t\t<p>Um einen neuen Sender hinzuzuf\u00fcgen, gehen Sie auf die Seite &#8220;<a href=\"https:\/\/www.spradio.eu\/nl\/neuen-sender-eintragen\/\">Voer een nieuw station in<\/a>&#8221; und f\u00fcllen Sie die erforderlichen Informationen aus. Nach der Anmeldung wird der Sender innerhalb von 24 Stunden in den mobilen Apps angezeigt.<\/p>\n\t\t\t\tWie kann ich einen Radiosender bearbeiten oder l\u00f6schen?\n\t\t\t\t\t<p>Sie k\u00f6nnen Ihre hinzugef\u00fcgten Sender jederzeit \u00fcber Ihr Benutzerkonto bearbeiten oder l\u00f6schen. Besuchen Sie einfach die entsprechende Seite und nehmen Sie die gew\u00fcnschten \u00c4nderungen vor.<\/p>\n\t\t\t\tHoe werkt de integratie van nieuwe kanalen in de app?\n\t\t\t\t\t<p>Alle neuen Sender, die von Nutzern hinzugef\u00fcgt werden, werden automatisch in die mobilen Apps integriert und innerhalb von 24 Stunden f\u00fcr alle Nutzer sichtbar.<\/p>\n\t\t\t\tMuss ich mich anmelden, um einen Sender hinzuzuf\u00fcgen?\n\t\t\t\t\t<p>Ja, um einen Radiosender hinzuzuf\u00fcgen oder zu bearbeiten, m\u00fcssen Sie ein Konto auf der Plattform erstellen und sich anmelden.<\/p>\n\t\t\t\tKann ich Radiosender aus anderen L\u00e4ndern hinzuf\u00fcgen?\n\t\t\t\t\t<p>Ja, unsere Plattform unterst\u00fctzt die Hinzuf\u00fcgung von Radiosendern aus der ganzen Welt. Sie k\u00f6nnen Sender aus beliebigen L\u00e4ndern hinzuf\u00fcgen, solange Sie die erforderlichen Informationen angeben. Schreiben Sie Ihren Eintrag immer in Ihrer Muttersprache. Unser System wird mit der Zeit die \u00dcbersetzungen in anderen Sprachen vornehmen. Reichen Sie keinesfalls denselben Sender mehrfach unter anderen Sprachen ein!<\/p>\n\t\t\t\tWie kann ich die mobile App f\u00fcr iPhone oder Android herunterladen?\n\t\t\t\t\t<p>Sie k\u00f6nnen die App f\u00fcr iPhone und iPad im App Store und die Android-Version im Amazon Appstore herunterladen. Einfach nach SPRadio suchen und installieren.<\/p>\n\t\t\t\tGibt es eine M\u00f6glichkeit, die Plattform auf anderen Ger\u00e4ten zu nutzen?\n\t\t\t\t\t<p>Ja, Sie k\u00f6nnen SPRadio auf verschiedenen Ger\u00e4ten wie Smartphones, Tablets und Desktops verwenden, indem Sie die Web-Version oder die mobilen Apps nutzen.<\/p>\n\t\t\t\tWaarom zijn er fouten of problemen met het platform?\n\t\t\t\t\t<p>Da die Plattform kontinuierlich weiterentwickelt wird, k\u00f6nnen gelegentlich kleinere Fehler auftreten. Wir arbeiten jedoch st\u00e4ndig daran, diese zu beheben und die Nutzererfahrung zu verbessern. Bitte melden Sie sich um etwaige Fehler zu melden.<\/p>\n\t\t\t\tHoe kan ik contact opnemen met de ondersteuning als ik een probleem heb?\n\t\t\t\t\t<p>Wenn Sie ein Problem haben oder Unterst\u00fctzung ben\u00f6tigen, k\u00f6nnen Sie uns \u00fcber die &#8220;Kontakt&#8221;-Seite erreichen. Wir werden uns so schnell wie m\u00f6glich mit Ihnen in Verbindung setzen.<\/p>\n\t\t\t\tGibt es eine M\u00f6glichkeit, Benachrichtigungen \u00fcber neue Sender zu erhalten?\n\t\t\t\t\t<p>Aktuell bieten wir keine Benachrichtigungen \u00fcber neue Sender an. Wir empfehlen jedoch, regelm\u00e4\u00dfig die Plattform zu besuchen, um neue Sender zu entdecken.<\/p>\n\t\t\t\tGeautomatiseerde procedures binnen het platform\n\t\t\t\t\t<p>Erfahren Sie mehr \u00fcber die verschiedenen Bots, die zur \u00dcberpr\u00fcfung und Optimierung von Radiosender-Daten eingesetzt werden. Diese Bots \u00fcberwachen die Erreichbarkeit von Sendern, pr\u00fcfen die Bitrate und stellen sicher, dass die angegebenen URLs korrekt sind.<\/p>\n<p>Meer hierover vindt u hier: <a href=\"https:\/\/www.spradio.eu\/nl\/bots\/\" rel=\"noopener\">https:\/\/www.spradio.eu\/bots\/<\/a><\/p>","protected":false},"excerpt":{"rendered":"<p>FAQ &#8211; H\u00e4ufig gestellte Fragen Finden Sie Antworten auf die h\u00e4ufigsten Fragen zu SPRadio, wie das Hinzuf\u00fcgen und Bearbeiten von Radiosendern, den mobilen Apps und mehr. Wie kann ich einen neuen Radiosender hinzuf\u00fcgen? Um einen neuen Sender hinzuzuf\u00fcgen, gehen Sie auf die Seite &#8220;Neuen Sender eintragen&#8221; und f\u00fcllen Sie die erforderlichen Informationen aus. Nach der&hellip;<\/p>","protected":false},"author":1,"featured_media":0,"parent":0,"menu_order":0,"comment_status":"closed","ping_status":"closed","template":"","meta":{"footnotes":""},"class_list":["post-111531","page","type-page","status-publish","hentry"],"_links":{"self":[{"href":"https:\/\/www.spradio.eu\/nl\/wp-json\/wp\/v2\/pages\/111531","targetHints":{"allow":["GET"]}}],"collection":[{"href":"https:\/\/www.spradio.eu\/nl\/wp-json\/wp\/v2\/pages"}],"about":[{"href":"https:\/\/www.spradio.eu\/nl\/wp-json\/wp\/v2\/types\/page"}],"author":[{"embeddable":true,"href":"https:\/\/www.spradio.eu\/nl\/wp-json\/wp\/v2\/users\/1"}],"replies":[{"embeddable":true,"href":"https:\/\/www.spradio.eu\/nl\/wp-json\/wp\/v2\/comments?post=111531"}],"version-history":[{"count":5,"href":"https:\/\/www.spradio.eu\/nl\/wp-json\/wp\/v2\/pages\/111531\/revisions"}],"predecessor-version":[{"id":111538,"href":"https:\/\/www.spradio.eu\/nl\/wp-json\/wp\/v2\/pages\/111531\/revisions\/111538"}],"wp:attachment":[{"href":"https:\/\/www.spradio.eu\/nl\/wp-json\/wp\/v2\/media?parent=111531"}],"curies":[{"name":"wp","href":"https:\/\/api.w.org\/{rel}","templated":true}]}}