{"id":221,"date":"2019-11-12T12:31:49","date_gmt":"2019-11-12T11:31:49","guid":{"rendered":"https:\/\/radio.streampanel.net\/?page_id=221"},"modified":"2024-12-12T14:22:43","modified_gmt":"2024-12-12T13:22:43","slug":"musikrichtungen","status":"publish","type":"page","link":"https:\/\/www.spradio.eu\/pt\/musikrichtungen\/","title":{"rendered":"G\u00eaneros musicais"},"content":{"rendered":"<h1>\n\t\t\t\tG\u00eaneros musicais\n\t\t\t<\/h1>\n\t\t\t<p>St\u00f6bern Sie innerhalb der Musikrichtungen und finden den passenden Sender zu Ihren Musikgeschmack.<\/p>\t\n\t<h2>\n\t\t\t\tRadiosender nach Schlagw\u00f6rter\n\t\t\t<\/h2>\n\t<h3>\n\t\t\t\tO projeto depende da sua ajuda durante a fase inicial! Ajude-nos a categorizar esta\u00e7\u00f5es de r\u00e1dio que ainda n\u00e3o s\u00e3o geridas pelo propriet\u00e1rio. Juntos, criaremos um diret\u00f3rio incr\u00edvel com valor agregado para todos os envolvidos.\n\t\t\t<\/h3>\n\t\t\t<p>Das Projekt ist w\u00e4hrend der Startphase auf Ihre Hilfe angewiesen! Helfen Sie uns Radiosender welche noch nicht vom Inhaber verwaltet werden, entsprechend zu kategorisieren. Zusammen schaffen Wir so ein tolles Verzeichnis mit Mehrwert f\u00fcr alle beteiligten.<\/p>","protected":false},"excerpt":{"rendered":"<p>Musikrichtungen St\u00f6bern Sie innerhalb der Musikrichtungen und finden den passenden Sender zu Ihren Musikgeschmack. Radiosender nach Schlagw\u00f6rter Radiosender nach Kategorie Das Projekt ist w\u00e4hrend der Startphase auf Ihre Hilfe angewiesen! Helfen Sie uns Radiosender welche noch nicht vom Inhaber verwaltet werden, entsprechend zu kategorisieren. Zusammen schaffen Wir so ein tolles Verzeichnis mit Mehrwert f\u00fcr alle&hellip;<\/p>","protected":false},"author":1,"featured_media":0,"parent":0,"menu_order":0,"comment_status":"closed","ping_status":"closed","template":"","meta":{"footnotes":""},"class_list":["post-221","page","type-page","status-publish","hentry"],"_links":{"self":[{"href":"https:\/\/www.spradio.eu\/pt\/wp-json\/wp\/v2\/pages\/221","targetHints":{"allow":["GET"]}}],"collection":[{"href":"https:\/\/www.spradio.eu\/pt\/wp-json\/wp\/v2\/pages"}],"about":[{"href":"https:\/\/www.spradio.eu\/pt\/wp-json\/wp\/v2\/types\/page"}],"author":[{"embeddable":true,"href":"https:\/\/www.spradio.eu\/pt\/wp-json\/wp\/v2\/users\/1"}],"replies":[{"embeddable":true,"href":"https:\/\/www.spradio.eu\/pt\/wp-json\/wp\/v2\/comments?post=221"}],"version-history":[{"count":0,"href":"https:\/\/www.spradio.eu\/pt\/wp-json\/wp\/v2\/pages\/221\/revisions"}],"wp:attachment":[{"href":"https:\/\/www.spradio.eu\/pt\/wp-json\/wp\/v2\/media?parent=221"}],"curies":[{"name":"wp","href":"https:\/\/api.w.org\/{rel}","templated":true}]}}